{"id":1075,"date":"2017-03-15T16:58:15","date_gmt":"2017-03-15T16:58:15","guid":{"rendered":"http:\/\/mobilemassage-pforzheim.de\/?page_id=1075"},"modified":"2025-04-29T18:01:25","modified_gmt":"2025-04-29T18:01:25","slug":"impressum","status":"publish","type":"page","link":"http:\/\/mobilemassage-pforzheim.de\/?page_id=1075","title":{"rendered":"Impressum"},"content":{"rendered":"<header>\n<h1 class=\"title\">Impressum<\/h1>\n<\/header>\n<div class=\"content clearfix\">\n<p>Angaben gem\u00e4\u00df \u00a7 5 TMG:<\/p>\n<p>Ulrike Plachky<br \/>\nSchwarzwaldstr. 122<br \/>\n75173 Pforzheim<\/p>\n<h3>Kontakt:<\/h3>\n<p>Telefon: <a href=\"tel:+491604249603\">0160 \/ 42\u00a049\u00a0603<\/a><br \/>\nE-Mail: <a href=\"mailto:info@mobilemassage-pforzheim.de\">info@mobilemassage-pforzheim.de<\/a><\/p>\n<h3>Verantwortlich f\u00fcr den Inhalt nach \u00a7 55 Abs. 2 RStV:<\/h3>\n<p>Ulrike Plachky<br \/>\nSchwarzwaldstr. 122<br \/>\n75173 Pforzheim<\/p>\n<\/div>\n<h3 class=\"p1\"><span class=\"s1\">Haftungsbeschr\u00e4nkungen:<\/span><\/h3>\n<p class=\"p1\"><span class=\"s1\">Die Inhalte dieser\u00a0Webseite werden mit gr\u00f6\u00dfter Sorgfalt erstellt. F\u00fcr die Richtigkeit, Vollst\u00e4ndigkeit und Aktualit\u00e4t der Inhalte kann ich\u00a0jedoch keine Gew\u00e4hr \u00fcbernehmen.\u00a0<\/span><span class=\"s1\">Als Diensteanbieter bin ich\u00a0gem\u00e4\u00df \u00a7 7 Abs.1 TMG f\u00fcr eigene Inhalte auf diesen Seiten nach den allgemeinen Gesetzen verantwortlich. Nach \u00a7\u00a7 8 bis 10 TMG bin ich\u00a0als Diensteanbieter jedoch nicht verpflichtet, \u00fcbermittelte oder gespeicherte fremde Informationen zu \u00fcberwachen oder nach Umst\u00e4nden zu forschen, die auf eine rechtswidrige T\u00e4tigkeit hinweisen. Verpflichtungen zur Entfernung oder Sperrung der Nutzung von Informationen nach den allgemeinen Gesetzen bleiben hiervon unber\u00fchrt. Eine diesbez\u00fcgliche Haftung ist jedoch erst ab dem Zeitpunkt der Kenntnis einer konkreten Rechtsverletzung m\u00f6glich. Bei Bekanntwerden von entsprechenden Rechtsverletzungen werde ich diese Inhalte umgehend entfernen.<\/span><\/p>\n<h3 class=\"p1\"><span class=\"s1\">Haftung f\u00fcr Links:<br \/>\n<\/span><\/h3>\n<p class=\"p1\"><span class=\"s1\">Meine\u00a0Webseite\u00a0enth\u00e4lt Links zu externen Webseiten Dritter, auf deren Inhalte ich\u00a0keinen Einfluss habe. Deshalb kann ich f\u00fcr diese fremden Inhalte auch keine Gew\u00e4hr \u00fcbernehmen. F\u00fcr die Inhalte der verlinkten Seiten ist stets der jeweilige Anbieter oder Betreiber der Seiten verantwortlich. Die verlinkten Seiten wurden zum Zeitpunkt der Verlinkung auf m\u00f6gliche Rechtsverst\u00f6\u00dfe \u00fcberpr\u00fcft. Rechtswidrige Inhalte waren zum Zeitpunkt der Verlinkung nicht erkennbar. Eine permanente inhaltliche Kontrolle der verlinkten Seiten ist jedoch ohne konkrete Anhaltspunkte einer Rechtsverletzung nicht zumutbar. Bei Bekanntwerden von Rechtsverletzungen werde\u00a0ich derartige Links umgehend entfernen.<\/span><\/p>\n<h3 class=\"p1\"><span class=\"s1\">Urheberrecht:<\/span><\/h3>\n<p class=\"p1\"><span class=\"s1\">Die Inhalte und Werke auf diesen Seiten unterliegen dem deutschen Urheberrecht. Die Vervielf\u00e4ltigung, Bearbeitung, Verbreitung und jede Art der Verwertung au\u00dferhalb der Grenzen des Urheberrechtes bed\u00fcrfen der schriftlichen Zustimmung des jeweiligen Autors bzw. Erstellers. Downloads und Kopien dieser Seite sind nur f\u00fcr den privaten, nicht kommerziellen Gebrauch gestattet. Soweit die Inhalte auf dieser Seite nicht vom Betreiber erstellt wurden, werden die Urheberrechte Dritter beachtet. Insbesondere werden Inhalte Dritter als solche gekennzeichnet. Sollten Sie trotzdem auf eine Urheberrechtsverletzung aufmerksam werden, bitte ich um einen entsprechenden Hinweis. Bei Bekanntwerden von Rechtsverletzungen werde ich\u00a0derartige Inhalte umgehend entfernen.<\/span><\/p>\n","protected":false},"excerpt":{"rendered":"<p>Impressum Angaben gem\u00e4\u00df \u00a7 5 TMG: Ulrike Plachky Schwarzwaldstr. 122 75173 Pforzheim Kontakt: Telefon: 0160 \/ 42\u00a049\u00a0603 E-Mail: info@mobilemassage-pforzheim.de Verantwortlich f\u00fcr den Inhalt nach \u00a7 55 Abs. 2 RStV: Ulrike Plachky Schwarzwaldstr. 122 75173 Pforzheim Haftungsbeschr\u00e4nkungen: Die Inhalte dieser\u00a0Webseite werden mit gr\u00f6\u00dfter Sorgfalt erstellt. F\u00fcr die Richtigkeit, Vollst\u00e4ndigkeit und Aktualit\u00e4t der Inhalte kann ich\u00a0jedoch keine [&hellip;]<\/p>\n","protected":false},"author":1,"featured_media":0,"parent":0,"menu_order":0,"comment_status":"closed","ping_status":"closed","template":"","meta":{"footnotes":""},"class_list":["post-1075","page","type-page","status-publish","hentry"],"_links":{"self":[{"href":"http:\/\/mobilemassage-pforzheim.de\/index.php?rest_route=\/wp\/v2\/pages\/1075","targetHints":{"allow":["GET"]}}],"collection":[{"href":"http:\/\/mobilemassage-pforzheim.de\/index.php?rest_route=\/wp\/v2\/pages"}],"about":[{"href":"http:\/\/mobilemassage-pforzheim.de\/index.php?rest_route=\/wp\/v2\/types\/page"}],"author":[{"embeddable":true,"href":"http:\/\/mobilemassage-pforzheim.de\/index.php?rest_route=\/wp\/v2\/users\/1"}],"replies":[{"embeddable":true,"href":"http:\/\/mobilemassage-pforzheim.de\/index.php?rest_route=%2Fwp%2Fv2%2Fcomments&post=1075"}],"version-history":[{"count":10,"href":"http:\/\/mobilemassage-pforzheim.de\/index.php?rest_route=\/wp\/v2\/pages\/1075\/revisions"}],"predecessor-version":[{"id":1304,"href":"http:\/\/mobilemassage-pforzheim.de\/index.php?rest_route=\/wp\/v2\/pages\/1075\/revisions\/1304"}],"wp:attachment":[{"href":"http:\/\/mobilemassage-pforzheim.de\/index.php?rest_route=%2Fwp%2Fv2%2Fmedia&parent=1075"}],"curies":[{"name":"wp","href":"https:\/\/api.w.org\/{rel}","templated":true}]}}